{"id":34070,"date":"2026-04-03T21:04:19","date_gmt":"2026-04-03T19:04:19","guid":{"rendered":"https:\/\/sibro.es\/product\/hidratate-con-estilo-botella-de-agua-isotermica-premium-de-acero-inoxidable-mantiene-las-bebidas-frias-24-h-calientes-12-h\/"},"modified":"2026-04-03T21:04:19","modified_gmt":"2026-04-03T19:04:19","slug":"hidratate-con-estilo-botella-de-agua-isotermica-premium-de-acero-inoxidable-mantiene-las-bebidas-frias-24-h-calientes-12-h","status":"publish","type":"product","link":"https:\/\/sibro.es\/es\/producto\/hidratate-con-estilo-botella-de-agua-isotermica-premium-de-acero-inoxidable-mantiene-las-bebidas-frias-24-h-calientes-12-h\/","title":{"rendered":"Hidr\u00e1tate con estilo: botella de agua isot\u00e9rmica premium de acero inoxidable: mantiene las bebidas fr\u00edas 24 h\/calientes 12 h"},"content":{"rendered":"<p class=\"ng-star-inserted\"><strong class=\"ng-star-inserted\"><span class=\"ng-star-inserted\">Mejora tu experiencia de hidrataci\u00f3n con la botella de agua premium de acero inoxidable<\/span><\/strong><\/p>\n<p class=\"ng-star-inserted\"><span class=\"ng-star-inserted\">Descubre la combinaci\u00f3n perfecta de estilo, rendimiento y durabilidad con nuestra botella de agua isot\u00e9rmica premium de acero inoxidable. Dise\u00f1ada para quienes exigen lo mejor, esta botella garantiza que tus bebidas se mantengan a la temperatura ideal, vayas donde vayas. <\/span><\/p>\n<p class=\"ng-star-inserted\"><strong class=\"ng-star-inserted\"><span class=\"ng-star-inserted\">Caracter\u00edsticas y ventajas principales:<\/span><\/strong><\/p>\n<ul class=\"ng-star-inserted\">\n<li class=\"ng-star-inserted\">\n<p class=\"ng-star-inserted\"><strong class=\"ng-star-inserted\"><span class=\"ng-star-inserted\">Retenci\u00f3n de temperatura superior:<\/span><\/strong><span class=\"ng-star-inserted\"> Gracias al avanzado aislamiento al vac\u00edo de doble pared, tus bebidas se mantendr\u00e1n heladas hasta 24 horas y calientes hasta 12 horas. Disfruta de un sorbo refrescante de agua fr\u00eda despu\u00e9s de entrenar o de una bebida caliente en una ma\u00f1ana fr\u00eda.<\/span><\/p>\n<\/li>\n<li class=\"ng-star-inserted\">\n<p class=\"ng-star-inserted\"><strong class=\"ng-star-inserted\"><span class=\"ng-star-inserted\">Dise\u00f1o elegante y con estilo:<\/span><\/strong><span class=\"ng-star-inserted\"> Con un elegante degradado de azul a plata y una silueta contempor\u00e1nea, esta botella es m\u00e1s que una herramienta de hidrataci\u00f3n: es una declaraci\u00f3n de estilo. El acabado refinado y el dise\u00f1o ergon\u00f3mico hacen que sea un placer llevarla y usarla.<\/span><\/p>\n<\/li>\n<li class=\"ng-star-inserted\">\n<p class=\"ng-star-inserted\"><strong class=\"ng-star-inserted\"><span class=\"ng-star-inserted\">Hecha para durar:<\/span><\/strong><span class=\"ng-star-inserted\"> Fabricada en acero inoxidable 18\/8 de alta calidad apto para uso alimentario, nuestra botella es incre\u00edblemente duradera, resistente a la oxidaci\u00f3n y libre de BPA y ftalatos. Disfruta de una hidrataci\u00f3n pura, sin sabores, en cada uso.<\/span><\/p>\n<\/li>\n<li class=\"ng-star-inserted\">\n<p class=\"ng-star-inserted\"><strong class=\"ng-star-inserted\"><span class=\"ng-star-inserted\">A prueba de fugas y derrames:<\/span><\/strong><span class=\"ng-star-inserted\"> El tap\u00f3n de rosca, dise\u00f1ado con precisi\u00f3n, crea un cierre seguro y herm\u00e9tico que evita fugas y derrames. M\u00e9tela en la bolsa con total confianza, sabiendo que tus cosas se mantendr\u00e1n secas.<\/span><\/p>\n<\/li>\n<li class=\"ng-star-inserted\">\n<p class=\"ng-star-inserted\"><strong class=\"ng-star-inserted\"><span class=\"ng-star-inserted\">Perfecta para cualquier estilo de vida:<\/span><\/strong><span class=\"ng-star-inserted\"> Tanto si vas al gimnasio, haces una ruta de senderismo, te desplazas al trabajo o simplemente te hidratas en tu escritorio, esta botella vers\u00e1til es tu compa\u00f1era ideal. Su dise\u00f1o estilizado encaja en la mayor\u00eda de portavasos y bolsillos de mochila.<\/span><\/p>\n<\/li>\n<li class=\"ng-star-inserted\">\n<p class=\"ng-star-inserted\"><strong class=\"ng-star-inserted\"><span class=\"ng-star-inserted\">F\u00e1cil de limpiar y mantener:<\/span><\/strong><span class=\"ng-star-inserted\"> La boca ancha permite una limpieza sencilla y a\u00f1adir c\u00f3modamente cubitos de hielo, rodajas de fruta o bolsitas de t\u00e9. Se recomienda lavar a mano para conservar el acabado impecable de la botella.<\/span><\/p>\n<\/li>\n<\/ul>\n<p class=\"ng-star-inserted\"><strong class=\"ng-star-inserted\"><span class=\"ng-star-inserted\">\u00bfPor qu\u00e9 elegir nuestra botella de agua de acero inoxidable?<\/span><\/strong><\/p>\n<p class=\"ng-star-inserted\"><span class=\"ng-star-inserted\">En un mundo que no se detiene, mantenerse bien hidratado es clave para tu salud, energ\u00eda y concentraci\u00f3n. Nuestra botella no va solo de llevar agua; va de tomar una decisi\u00f3n consciente por un estilo de vida m\u00e1s saludable y sostenible. Reduce tu huella de pl\u00e1stico e invierte en una botella que rinde tan bien como se ve.  <\/span><\/p>\n<div class=\"virtual-scroll-container model-prompt-container\" data-turn-role=\"Model\">\n<div class=\"turn-content\">\n<p class=\"ng-star-inserted\"><strong class=\"ng-star-inserted\"><span class=\"ng-star-inserted\">Mantente fresco. Rinde m\u00e1s. Hidr\u00e1tate con estilo.  <\/span><\/strong><\/p>\n<\/div>\n<\/div>\n","protected":false},"excerpt":{"rendered":"<p class=\"ng-star-inserted\"><span class=\"ng-star-inserted\">Mantente fresco con nuestra elegante botella de agua de acero inoxidable. Con aislamiento de doble pared, dise\u00f1o a prueba de fugas y un degradado con estilo, es perfecta para deporte, viajes e hidrataci\u00f3n diaria. <\/span><\/p>\n","protected":false},"featured_media":34043,"comment_status":"open","ping_status":"closed","template":"","meta":[],"product_brand":[],"product_cat":[2689,1396],"product_tag":[],"class_list":{"0":"post-34070","1":"product","2":"type-product","3":"status-publish","4":"has-post-thumbnail","6":"product_cat-botellas-de-agua-motivacionales","7":"product_cat-salud-y-forma-fisica","9":"first","10":"instock","11":"sale","12":"taxable","13":"shipping-taxable","14":"purchasable","15":"product-type-simple"},"jetpack_sharing_enabled":true,"_links":{"self":[{"href":"https:\/\/sibro.es\/es\/wp-json\/wp\/v2\/product\/34070","targetHints":{"allow":["GET"]}}],"collection":[{"href":"https:\/\/sibro.es\/es\/wp-json\/wp\/v2\/product"}],"about":[{"href":"https:\/\/sibro.es\/es\/wp-json\/wp\/v2\/types\/product"}],"replies":[{"embeddable":true,"href":"https:\/\/sibro.es\/es\/wp-json\/wp\/v2\/comments?post=34070"}],"version-history":[{"count":0,"href":"https:\/\/sibro.es\/es\/wp-json\/wp\/v2\/product\/34070\/revisions"}],"wp:featuredmedia":[{"embeddable":true,"href":"https:\/\/sibro.es\/es\/wp-json\/wp\/v2\/media\/34043"}],"wp:attachment":[{"href":"https:\/\/sibro.es\/es\/wp-json\/wp\/v2\/media?parent=34070"}],"wp:term":[{"taxonomy":"product_brand","embeddable":true,"href":"https:\/\/sibro.es\/es\/wp-json\/wp\/v2\/product_brand?post=34070"},{"taxonomy":"product_cat","embeddable":true,"href":"https:\/\/sibro.es\/es\/wp-json\/wp\/v2\/product_cat?post=34070"},{"taxonomy":"product_tag","embeddable":true,"href":"https:\/\/sibro.es\/es\/wp-json\/wp\/v2\/product_tag?post=34070"}],"curies":[{"name":"wp","href":"https:\/\/api.w.org\/{rel}","templated":true}]}}