{"id":34065,"date":"2026-04-03T21:53:25","date_gmt":"2026-04-03T19:53:25","guid":{"rendered":"https:\/\/sibro.es\/product\/botella-de-agua-premium-de-acero-inoxidable-antifugas-ecologica-termo-de-viaje-isotermico\/"},"modified":"2026-04-08T13:42:57","modified_gmt":"2026-04-08T11:42:57","slug":"botella-de-agua-premium-de-acero-inoxidable-antifugas-ecologica-termo-de-viaje-isotermico","status":"publish","type":"product","link":"https:\/\/sibro.es\/es\/producto\/botella-de-agua-premium-de-acero-inoxidable-antifugas-ecologica-termo-de-viaje-isotermico\/","title":{"rendered":"Botella de Agua Premium de Acero Inoxidable \u2013 Antifugas, Ecol\u00f3gica, Termo de Viaje Isot\u00e9rmico"},"content":{"rendered":"<h3 data-section-id=\"ippai5\" data-start=\"458\" data-end=\"493\"><span role=\"text\"><strong data-start=\"465\" data-end=\"493\">Descripci\u00f3n<\/strong><\/span><\/h3>\n<p data-start=\"494\" data-end=\"768\">Mejora tu experiencia de hidrataci\u00f3n con esta botella de agua premium de acero inoxidable, dise\u00f1ada tanto para el rendimiento como para el estilo. Fabricada con acero inoxidable de alta calidad apto para uso alimentario, esta botella asegura una durabilidad prolongada mientras mantiene la pureza y el sabor de tu bebida. <\/p>\n<p data-start=\"770\" data-end=\"1071\">Con un tap\u00f3n seguro y antifugas y un dise\u00f1o ergon\u00f3mico compacto, es perfecta para llevar en tu bolso, ya sea que vayas al gimnasio, la oficina, una ruta de senderismo o aventuras al aire libre. Su construcci\u00f3n isot\u00e9rmica ayuda a mantener la temperatura de tu bebida, conservando los l\u00edquidos fr\u00edos o calientes durante per\u00edodos prolongados. <\/p>\n<p data-start=\"1073\" data-end=\"1361\">Su elegante acabado met\u00e1lico con un moderno toque verde a\u00f1ade un aire refrescante y ecol\u00f3gico, convirti\u00e9ndola no solo en un accesorio funcional, sino tambi\u00e9n en una compa\u00f1era con estilo. Al elegir esta botella reutilizable, reduces activamente los residuos pl\u00e1sticos y contribuyes a un entorno m\u00e1s sostenible. <\/p>\n<p data-start=\"1363\" data-end=\"1380\"><strong data-start=\"1363\" data-end=\"1380\">Ventajas clave:<\/strong><\/p>\n<ul data-start=\"1381\" data-end=\"1637\">\n<li data-section-id=\"nvt5u7\" data-start=\"1381\" data-end=\"1437\">Construcci\u00f3n duradera de acero inoxidable resistente a la oxidaci\u00f3n<\/li>\n<li data-section-id=\"vk3mx0\" data-start=\"1438\" data-end=\"1478\">Dise\u00f1o antifugas y apto para viajes<\/li>\n<li data-section-id=\"1sc5sn5\" data-start=\"1479\" data-end=\"1531\">Retenci\u00f3n de temperatura para bebidas fr\u00edas y calientes<\/li>\n<li data-section-id=\"71gpag\" data-start=\"1532\" data-end=\"1592\">Alternativa ecol\u00f3gica y reutilizable a las botellas de pl\u00e1stico<\/li>\n<li data-section-id=\"6ftpy6\" data-start=\"1593\" data-end=\"1637\">Ligera, port\u00e1til y f\u00e1cil de limpiar<\/li>\n<\/ul>\n<p data-start=\"1639\" data-end=\"1808\" data-is-last-node=\"\" data-is-only-node=\"\">Perfecta para entusiastas del fitness, viajeros, estudiantes y profesionales: esta botella de agua es tu compa\u00f1era de hidrataci\u00f3n diaria con un toque de elegancia y sostenibilidad.<\/p>\n","protected":false},"excerpt":{"rendered":"<p class=\"ng-star-inserted\">Mantente hidratado con estilo con esta elegante botella de agua de acero inoxidable. Dise\u00f1ada para la durabilidad y el aislamiento, mantiene tus bebidas frescas mientras apoyas un estilo de vida ecol\u00f3gico, perfecta para viajar, el gimnasio y el uso diario. <\/p>\n","protected":false},"featured_media":34050,"comment_status":"open","ping_status":"closed","template":"","meta":[],"product_brand":[],"product_cat":[2689,1396],"product_tag":[],"class_list":{"0":"post-34065","1":"product","2":"type-product","3":"status-publish","4":"has-post-thumbnail","6":"product_cat-botellas-de-agua-motivacionales","7":"product_cat-salud-y-forma-fisica","9":"first","10":"instock","11":"sale","12":"taxable","13":"shipping-taxable","14":"purchasable","15":"product-type-simple"},"jetpack_sharing_enabled":true,"_links":{"self":[{"href":"https:\/\/sibro.es\/es\/wp-json\/wp\/v2\/product\/34065","targetHints":{"allow":["GET"]}}],"collection":[{"href":"https:\/\/sibro.es\/es\/wp-json\/wp\/v2\/product"}],"about":[{"href":"https:\/\/sibro.es\/es\/wp-json\/wp\/v2\/types\/product"}],"replies":[{"embeddable":true,"href":"https:\/\/sibro.es\/es\/wp-json\/wp\/v2\/comments?post=34065"}],"version-history":[{"count":0,"href":"https:\/\/sibro.es\/es\/wp-json\/wp\/v2\/product\/34065\/revisions"}],"wp:featuredmedia":[{"embeddable":true,"href":"https:\/\/sibro.es\/es\/wp-json\/wp\/v2\/media\/34050"}],"wp:attachment":[{"href":"https:\/\/sibro.es\/es\/wp-json\/wp\/v2\/media?parent=34065"}],"wp:term":[{"taxonomy":"product_brand","embeddable":true,"href":"https:\/\/sibro.es\/es\/wp-json\/wp\/v2\/product_brand?post=34065"},{"taxonomy":"product_cat","embeddable":true,"href":"https:\/\/sibro.es\/es\/wp-json\/wp\/v2\/product_cat?post=34065"},{"taxonomy":"product_tag","embeddable":true,"href":"https:\/\/sibro.es\/es\/wp-json\/wp\/v2\/product_tag?post=34065"}],"curies":[{"name":"wp","href":"https:\/\/api.w.org\/{rel}","templated":true}]}}