{"id":34061,"date":"2026-03-29T23:23:03","date_gmt":"2026-03-29T21:23:03","guid":{"rendered":"https:\/\/sibro.es\/product\/botella-de-agua-motivacional-con-degradado-marcador-de-tiempo-y-pajita-900-ml\/"},"modified":"2026-04-06T12:10:47","modified_gmt":"2026-04-06T10:10:47","slug":"botella-de-agua-motivacional-con-degradado-marcador-de-tiempo-y-pajita-900-ml","status":"publish","type":"product","link":"https:\/\/sibro.es\/es\/producto\/botella-de-agua-motivacional-con-degradado-marcador-de-tiempo-y-pajita-900-ml\/","title":{"rendered":"Botella de agua motivacional con degradado, marcador de tiempo y pajita \u2013 900 ml"},"content":{"rendered":"<p class=\"ng-star-inserted\"><strong class=\"ng-star-inserted\"><span class=\"ng-star-inserted\">Descripci\u00f3n del producto:<\/span><\/strong><br class=\"ng-star-inserted\"><span class=\"ng-star-inserted\">Mejora tu rutina diaria de hidrataci\u00f3n con nuestra botella de agua motivacional con degradado. Esta botella de 900 ml, dise\u00f1ada al detalle, combina un estilo vibrante con funciones pr\u00e1cticas para ayudarte a cumplir tus objetivos de ingesta de agua sin esfuerzo. El llamativo color degradado, que pasa de un refrescante verde azulado a un morado relajante, hace que mantenerse hidratado sea una opci\u00f3n con estilo.<\/span><\/p>\n<p class=\"ng-star-inserted\"><span class=\"ng-star-inserted\">Lo que distingue a esta botella son sus marcadores de tiempo integrados y frases motivacionales, que te gu\u00edan de 8:00 a 19:00 para asegurar sorbos constantes. Olv\u00eddate de rellenar continuamente; la generosa capacidad de 900 ml significa menos interrupciones y m\u00e1s concentraci\u00f3n en tu d\u00eda. La botella tambi\u00e9n cuenta con una tapa abatible segura con pajita integrada, que facilita beber sin inclinarla, perfecta para entrenar, usar en la oficina o en tus desplazamientos.  <\/span><\/p>\n<p class=\"ng-star-inserted\"><span class=\"ng-star-inserted\">Fabricada con materiales duraderos, esta botella est\u00e1 pensada para el uso diario. Su dise\u00f1o a prueba de fugas mantiene tu bolsa seca, mientras que el asa de transporte pr\u00e1ctica hace que sea f\u00e1cil llevarla a cualquier parte. Ya sea entrenando, en la oficina o disfrutando del aire libre, esta botella de agua motivacional es tu compa\u00f1era perfecta para un estilo de vida m\u00e1s saludable y bien hidratado.  <\/span><\/p>\n<p class=\"ng-star-inserted\"><strong class=\"ng-star-inserted\"><span class=\"ng-star-inserted\">Instrucciones de uso de esta botella:<\/span><\/strong><\/p>\n<p class=\"ng-star-inserted\"><strong class=\"ng-star-inserted\"><span class=\"ng-star-inserted\">Antes del primer uso:<\/span><\/strong><\/p>\n<ol class=\"ng-star-inserted\">\n<li class=\"ng-star-inserted\">\n<p class=\"ng-star-inserted\"><span class=\"ng-star-inserted\">Lava bien la botella antes de usarla por primera vez.<\/span><\/p>\n<\/li>\n<\/ol>\n<p class=\"ng-star-inserted\"><strong class=\"ng-star-inserted\"><span class=\"ng-star-inserted\">Instrucciones de limpieza:<\/span><\/strong><\/p>\n<ol class=\"ng-star-inserted\">\n<li class=\"ng-star-inserted\">\n<p class=\"ng-star-inserted\"><span class=\"ng-star-inserted\">Usa agua tibia y un detergente jabonoso neutro y suave.<\/span><\/p>\n<\/li>\n<li class=\"ng-star-inserted\">\n<p class=\"ng-star-inserted\"><span class=\"ng-star-inserted\">Aclara bien con agua fr\u00eda.<\/span><\/p>\n<\/li>\n<li class=\"ng-star-inserted\">\n<p class=\"ng-star-inserted\"><span class=\"ng-star-inserted\">S\u00e9cala con un pa\u00f1o suave.<\/span><\/p>\n<\/li>\n<\/ol>\n<p class=\"ng-star-inserted\"><strong class=\"ng-star-inserted\"><span class=\"ng-star-inserted\">Uso de la botella:<\/span><\/strong><\/p>\n<ol class=\"ng-star-inserted\">\n<li class=\"ng-star-inserted\">\n<p class=\"ng-star-inserted\"><strong class=\"ng-star-inserted\"><span class=\"ng-star-inserted\">Abrir:<\/span><\/strong><span class=\"ng-star-inserted\"> Para abrir la botella, pulsa el bot\u00f3n de liberaci\u00f3n de la tapa; la parte superior se abrir\u00e1 y dejar\u00e1 a la vista la pajita.<\/span><\/p>\n<\/li>\n<li class=\"ng-star-inserted\">\n<p class=\"ng-star-inserted\"><strong class=\"ng-star-inserted\"><span class=\"ng-star-inserted\">Rellenar:<\/span><\/strong><span class=\"ng-star-inserted\"> Rellena la botella con la bebida que quieras (agua, zumo, etc.). Los marcadores de tiempo de la botella te ayudar\u00e1n a controlar tu ingesta a lo largo del d\u00eda.<\/span><\/p>\n<\/li>\n<li class=\"ng-star-inserted\">\n<p class=\"ng-star-inserted\"><strong class=\"ng-star-inserted\"><span class=\"ng-star-inserted\">Beber:<\/span><\/strong><span class=\"ng-star-inserted\"> Usa la pajita integrada para beber c\u00f3modamente.<\/span><\/p>\n<\/li>\n<li class=\"ng-star-inserted\">\n<p class=\"ng-star-inserted\"><strong class=\"ng-star-inserted\"><span class=\"ng-star-inserted\">Cerrar:<\/span><\/strong><span class=\"ng-star-inserted\"> Cuando termines de beber, baja la tapa abatible con firmeza hasta que haga clic para asegurar un cierre a prueba de fugas.<\/span><\/p>\n<\/li>\n<li class=\"ng-star-inserted\">\n<p class=\"ng-star-inserted\"><strong class=\"ng-star-inserted\"><span class=\"ng-star-inserted\">Volver a rellenar:<\/span><\/strong><span class=\"ng-star-inserted\"> Cuando llegues a la marca \u00abREFILL\u00bb o completes tu ingesta diaria, simplemente vuelve a rellenar la botella para continuar tu camino de hidrataci\u00f3n.<\/span><\/p>\n<\/li>\n<\/ol>\n","protected":false},"excerpt":{"rendered":"<p class=\"ng-star-inserted\"><strong class=\"ng-star-inserted\"><span class=\"ng-star-inserted\">Descripciones cortas del producto:<\/span><\/strong><\/p>\n<ul class=\"ng-star-inserted\">\n<li class=\"ng-star-inserted\">\n<p class=\"ng-star-inserted\"><span class=\"ng-star-inserted\">Mantente hidratado y controla tu ingesta diaria de agua con esta elegante botella de agua motivacional de 900 ml.<\/span><\/p>\n<\/li>\n<li class=\"ng-star-inserted\">\n<p class=\"ng-star-inserted\">Incluye un dise\u00f1o degradado vibrante, marcadores de tiempo f\u00e1ciles de leer y una pr\u00e1ctica pajita para beber sobre la marcha.<\/p>\n<\/li>\n<li class=\"ng-star-inserted\">\n<p class=\"ng-star-inserted\"><span class=\"ng-star-inserted\">Duradera, a prueba de fugas y dise\u00f1ada para inspirarte a alcanzar tus objetivos de hidrataci\u00f3n durante todo el d\u00eda<\/span><\/p>\n<\/li>\n<\/ul>\n","protected":false},"featured_media":34004,"comment_status":"open","ping_status":"closed","template":"","meta":[],"product_brand":[],"product_cat":[2689,1396],"product_tag":[],"class_list":{"0":"post-34061","1":"product","2":"type-product","3":"status-publish","4":"has-post-thumbnail","6":"product_cat-botellas-de-agua-motivacionales","7":"product_cat-salud-y-forma-fisica","9":"first","10":"instock","11":"sale","12":"taxable","13":"shipping-taxable","14":"purchasable","15":"product-type-simple"},"jetpack_sharing_enabled":true,"_links":{"self":[{"href":"https:\/\/sibro.es\/es\/wp-json\/wp\/v2\/product\/34061","targetHints":{"allow":["GET"]}}],"collection":[{"href":"https:\/\/sibro.es\/es\/wp-json\/wp\/v2\/product"}],"about":[{"href":"https:\/\/sibro.es\/es\/wp-json\/wp\/v2\/types\/product"}],"replies":[{"embeddable":true,"href":"https:\/\/sibro.es\/es\/wp-json\/wp\/v2\/comments?post=34061"}],"version-history":[{"count":0,"href":"https:\/\/sibro.es\/es\/wp-json\/wp\/v2\/product\/34061\/revisions"}],"wp:featuredmedia":[{"embeddable":true,"href":"https:\/\/sibro.es\/es\/wp-json\/wp\/v2\/media\/34004"}],"wp:attachment":[{"href":"https:\/\/sibro.es\/es\/wp-json\/wp\/v2\/media?parent=34061"}],"wp:term":[{"taxonomy":"product_brand","embeddable":true,"href":"https:\/\/sibro.es\/es\/wp-json\/wp\/v2\/product_brand?post=34061"},{"taxonomy":"product_cat","embeddable":true,"href":"https:\/\/sibro.es\/es\/wp-json\/wp\/v2\/product_cat?post=34061"},{"taxonomy":"product_tag","embeddable":true,"href":"https:\/\/sibro.es\/es\/wp-json\/wp\/v2\/product_tag?post=34061"}],"curies":[{"name":"wp","href":"https:\/\/api.w.org\/{rel}","templated":true}]}}